{"id":101,"date":"2016-07-21T20:15:32","date_gmt":"2016-07-22T00:15:32","guid":{"rendered":"http:\/\/demo.hashthemes.com\/total\/?page_id=101"},"modified":"2025-09-08T23:19:05","modified_gmt":"2025-09-09T03:19:05","slug":"contact","status":"publish","type":"page","link":"https:\/\/triart.com.do\/tg\/contact\/","title":{"rendered":"Contacto"},"content":{"rendered":"\n<div class=\"wp-block-columns is-layout-flex wp-container-core-columns-is-layout-28f84493 wp-block-columns-is-layout-flex\">\n<div class=\"wp-block-column is-layout-flow wp-block-column-is-layout-flow\">\n<h2 class=\"wp-block-heading has-black-color has-text-color\">Inquietudes <span style=\"color:#99cc00\" class=\"has-inline-color\">Generales<\/span><\/h2>\n\n\n\n<p>Si tiene alguna pregunta o inquietud, escr\u00edbanos o ll\u00e1menos, y uno de nuestros representantes se pondr\u00e1 en contacto con usted para asistirle.<\/p>\n\n\n\n<h4 class=\"wp-block-heading\">Direcci\u00f3n:<\/h4>\n\n\n\n<p>C\/El Retiro 15, Esq Jacinto Ma\u00f1\u00f3n. <br>Edificio Covinfa 8. Bloque 1. Suite 3B. <br>Ensanche Para\u00edso. 10126. <br>Santo Domingo, DN.<\/p>\n\n\n\n<h4 class=\"wp-block-heading\">Ll\u00e1menos:<\/h4>\n\n\n\n<p>(+1) 809 537 9370<\/p>\n\n\n\n<h4 class=\"wp-block-heading\">Email:<\/h4>\n\n\n\n<p>info@triart.com.do<\/p>\n<\/div>\n\n\n\n<div class=\"wp-block-column is-layout-flow wp-block-column-is-layout-flow\"><div class=\"wpforms-container wpforms-container-full\" id=\"wpforms-1157\"><form id=\"wpforms-form-1157\" class=\"wpforms-validate wpforms-form\" data-formid=\"1157\" method=\"post\" enctype=\"multipart\/form-data\" action=\"\/tg\/wp-json\/wp\/v2\/pages\/101\" data-token=\"48405285039eab222c1cd2a0af4e72fe\" data-token-time=\"1776967318\"><noscript class=\"wpforms-error-noscript\">Please enable JavaScript in your browser to complete this form.<\/noscript><div class=\"wpforms-field-container\"><div id=\"wpforms-1157-field_0-container\" class=\"wpforms-field wpforms-field-name\" data-field-id=\"0\"><label class=\"wpforms-field-label\">Nombre <span class=\"wpforms-required-label\">*<\/span><\/label><div class=\"wpforms-field-row wpforms-field-medium\"><div class=\"wpforms-field-row-block wpforms-first wpforms-one-half\"><input type=\"text\" id=\"wpforms-1157-field_0\" class=\"wpforms-field-name-first wpforms-field-required\" name=\"wpforms[fields][0][first]\" required><label for=\"wpforms-1157-field_0\" class=\"wpforms-field-sublabel after\">First<\/label><\/div><div class=\"wpforms-field-row-block wpforms-one-half\"><input type=\"text\" id=\"wpforms-1157-field_0-last\" class=\"wpforms-field-name-last wpforms-field-required\" name=\"wpforms[fields][0][last]\" required><label for=\"wpforms-1157-field_0-last\" class=\"wpforms-field-sublabel after\">Last<\/label><\/div><\/div><\/div><div id=\"wpforms-1157-field_1-container\" class=\"wpforms-field wpforms-field-email\" data-field-id=\"1\"><label class=\"wpforms-field-label\" for=\"wpforms-1157-field_1\">Email <span class=\"wpforms-required-label\">*<\/span><\/label><input type=\"email\" id=\"wpforms-1157-field_1\" class=\"wpforms-field-medium wpforms-field-required\" name=\"wpforms[fields][1]\" spellcheck=\"false\" required><\/div><div id=\"wpforms-1157-field_2-container\" class=\"wpforms-field wpforms-field-textarea\" data-field-id=\"2\"><label class=\"wpforms-field-label\" for=\"wpforms-1157-field_2\">Mensaje o Comentario <span class=\"wpforms-required-label\">*<\/span><\/label><textarea id=\"wpforms-1157-field_2\" class=\"wpforms-field-medium wpforms-field-required\" name=\"wpforms[fields][2]\" required><\/textarea><\/div><\/div><!-- .wpforms-field-container --><div class=\"wpforms-recaptcha-container wpforms-is-recaptcha wpforms-is-recaptcha-type-v2\" ><div class=\"g-recaptcha\" data-sitekey=\"6LeZWjAbAAAAAO6NKhOC1dWSgcLesHO4shaueQ98\"><\/div><input type=\"text\" name=\"g-recaptcha-hidden\" class=\"wpforms-recaptcha-hidden\" style=\"position:absolute!important;clip:rect(0,0,0,0)!important;height:1px!important;width:1px!important;border:0!important;overflow:hidden!important;padding:0!important;margin:0!important;\" data-rule-recaptcha=\"1\"><\/div><div class=\"wpforms-submit-container\" ><input type=\"hidden\" name=\"wpforms[id]\" value=\"1157\"><input type=\"hidden\" name=\"page_title\" value=\"\"><input type=\"hidden\" name=\"page_url\" value=\"https:\/\/triart.com.do\/tg\/wp-json\/wp\/v2\/pages\/101\"><input type=\"hidden\" name=\"url_referer\" value=\"\"><button type=\"submit\" name=\"wpforms[submit]\" id=\"wpforms-submit-1157\" class=\"wpforms-submit\" data-alt-text=\"Enviando...\" data-submit-text=\"Enviar\" aria-live=\"assertive\" value=\"wpforms-submit\">Enviar<\/button><\/div><\/form><\/div>  <!-- .wpforms-container -->\n<\/div>\n<\/div>\n\n\n\n<div style=\"height:20px\" aria-hidden=\"true\" class=\"wp-block-spacer\"><\/div>\n\n\n\n<iframe src=\"https:\/\/www.google.com\/maps\/embed?pb=!1m14!1m8!1m3!1d15137.289253870527!2d-69.936785!3d18.469054!3m2!1i1024!2i768!4f13.1!3m3!1m2!1s0x0%3A0x472f494b48cc1e5!2sTriArt%20Group%2C%20EIRL!5e0!3m2!1sen!2sdo!4v1619109858480!5m2!1sen!2sdo\" width=\"1920\" height=\"500\" style=\"border:0;\" allowfullscreen=\"\" loading=\"lazy\"><\/iframe>\n","protected":false},"excerpt":{"rendered":"<p>Inquietudes Generales Si tiene alguna pregunta o inquietud, escr\u00edbanos o ll\u00e1menos, y uno de nuestros representantes se pondr\u00e1 en contacto con usted para asistirle. Direcci\u00f3n: C\/El Retiro 15, Esq Jacinto Ma\u00f1\u00f3n. Edificio Covinfa 8. Bloque 1. Suite 3B. Ensanche Para\u00edso. 10126. Santo Domingo, DN. Ll\u00e1menos: (+1) 809 537 9370 Email: info@triart.com.do<\/p>\n","protected":false},"author":1,"featured_media":0,"parent":0,"menu_order":7,"comment_status":"closed","ping_status":"closed","template":"","meta":{"om_disable_all_campaigns":false,"_monsterinsights_skip_tracking":false,"_monsterinsights_sitenote_active":false,"_monsterinsights_sitenote_note":"","_monsterinsights_sitenote_category":0,"footnotes":""},"class_list":["post-101","page","type-page","status-publish","hentry"],"jetpack_sharing_enabled":true,"_links":{"self":[{"href":"https:\/\/triart.com.do\/tg\/wp-json\/wp\/v2\/pages\/101","targetHints":{"allow":["GET"]}}],"collection":[{"href":"https:\/\/triart.com.do\/tg\/wp-json\/wp\/v2\/pages"}],"about":[{"href":"https:\/\/triart.com.do\/tg\/wp-json\/wp\/v2\/types\/page"}],"author":[{"embeddable":true,"href":"https:\/\/triart.com.do\/tg\/wp-json\/wp\/v2\/users\/1"}],"replies":[{"embeddable":true,"href":"https:\/\/triart.com.do\/tg\/wp-json\/wp\/v2\/comments?post=101"}],"version-history":[{"count":5,"href":"https:\/\/triart.com.do\/tg\/wp-json\/wp\/v2\/pages\/101\/revisions"}],"predecessor-version":[{"id":5540,"href":"https:\/\/triart.com.do\/tg\/wp-json\/wp\/v2\/pages\/101\/revisions\/5540"}],"wp:attachment":[{"href":"https:\/\/triart.com.do\/tg\/wp-json\/wp\/v2\/media?parent=101"}],"curies":[{"name":"wp","href":"https:\/\/api.w.org\/{rel}","templated":true}]}}