{"id":3850,"date":"2021-06-03T16:12:41","date_gmt":"2021-06-03T20:12:41","guid":{"rendered":"https:\/\/triart.com.do\/tg\/?page_id=3850"},"modified":"2021-09-17T13:55:37","modified_gmt":"2021-09-17T17:55:37","slug":"capacitacion","status":"publish","type":"page","link":"https:\/\/triart.com.do\/tg\/servicios\/capacitacion\/","title":{"rendered":"Capacitaci\u00f3n &#038; Certificaci\u00f3n"},"content":{"rendered":"\t\t<div data-elementor-type=\"wp-page\" data-elementor-id=\"3850\" class=\"elementor elementor-3850\">\n\t\t\t\t\t\t<section class=\"elementor-section elementor-top-section elementor-element elementor-element-bf75de0 elementor-section-full_width elementor-section-stretched elementor-section-height-default elementor-section-height-default jltma-glass-effect-no\" data-id=\"bf75de0\" data-element_type=\"section\" data-settings=\"{&quot;stretch_section&quot;:&quot;section-stretched&quot;,&quot;shape_divider_bottom&quot;:&quot;opacity-tilt&quot;}\">\n\t\t\t\t\t<div class=\"elementor-shape elementor-shape-bottom\" aria-hidden=\"true\" data-negative=\"false\">\n\t\t\t<svg xmlns=\"http:\/\/www.w3.org\/2000\/svg\" viewBox=\"0 0 2600 131.1\" preserveAspectRatio=\"none\">\n\t<path class=\"elementor-shape-fill\" d=\"M0 0L2600 0 2600 69.1 0 0z\"\/>\n\t<path class=\"elementor-shape-fill\" style=\"opacity:0.5\" d=\"M0 0L2600 0 2600 69.1 0 69.1z\"\/>\n\t<path class=\"elementor-shape-fill\" style=\"opacity:0.25\" d=\"M2600 0L0 0 0 130.1 2600 69.1z\"\/>\n<\/svg>\t\t<\/div>\n\t\t\t\t\t<div class=\"elementor-container elementor-column-gap-default\">\n\t\t\t\t\t<div class=\"elementor-column elementor-col-100 elementor-top-column elementor-element elementor-element-00e510b jltma-glass-effect-no\" data-id=\"00e510b\" data-element_type=\"column\">\n\t\t\t<div class=\"elementor-widget-wrap elementor-element-populated\">\n\t\t\t\t\t\t<div class=\"elementor-element elementor-element-747de99 jltma-glass-effect-no elementor-widget elementor-widget-image\" data-id=\"747de99\" data-element_type=\"widget\" data-widget_type=\"image.default\">\n\t\t\t\t<div class=\"elementor-widget-container\">\n\t\t\t\t\t\t\t\t\t\t\t\t\t\t\t<img fetchpriority=\"high\" decoding=\"async\" width=\"2000\" height=\"308\" src=\"https:\/\/i0.wp.com\/triart.com.do\/tg\/wp-content\/uploads\/2021\/09\/TG_spotlight2-300.jpg?fit=2000%2C308&amp;ssl=1\" class=\"attachment-full size-full wp-image-4382\" alt=\"\" srcset=\"https:\/\/i0.wp.com\/triart.com.do\/tg\/wp-content\/uploads\/2021\/09\/TG_spotlight2-300.jpg?w=2000&amp;ssl=1 2000w, https:\/\/i0.wp.com\/triart.com.do\/tg\/wp-content\/uploads\/2021\/09\/TG_spotlight2-300.jpg?resize=300%2C46&amp;ssl=1 300w, https:\/\/i0.wp.com\/triart.com.do\/tg\/wp-content\/uploads\/2021\/09\/TG_spotlight2-300.jpg?resize=1024%2C158&amp;ssl=1 1024w, https:\/\/i0.wp.com\/triart.com.do\/tg\/wp-content\/uploads\/2021\/09\/TG_spotlight2-300.jpg?resize=768%2C118&amp;ssl=1 768w, https:\/\/i0.wp.com\/triart.com.do\/tg\/wp-content\/uploads\/2021\/09\/TG_spotlight2-300.jpg?resize=1536%2C237&amp;ssl=1 1536w, https:\/\/i0.wp.com\/triart.com.do\/tg\/wp-content\/uploads\/2021\/09\/TG_spotlight2-300.jpg?w=1280&amp;ssl=1 1280w, https:\/\/i0.wp.com\/triart.com.do\/tg\/wp-content\/uploads\/2021\/09\/TG_spotlight2-300.jpg?w=1920&amp;ssl=1 1920w\" sizes=\"(max-width: 640px) 100vw, 640px\" \/>\t\t\t\t\t\t\t\t\t\t\t\t\t\t\t<\/div>\n\t\t\t\t<\/div>\n\t\t\t\t\t<\/div>\n\t\t<\/div>\n\t\t\t\t\t<\/div>\n\t\t<\/section>\n\t\t\t\t<section class=\"elementor-section elementor-top-section elementor-element elementor-element-35ed5655 elementor-section-boxed elementor-section-height-default elementor-section-height-default jltma-glass-effect-no\" data-id=\"35ed5655\" data-element_type=\"section\">\n\t\t\t\t\t\t<div class=\"elementor-container elementor-column-gap-default\">\n\t\t\t\t\t<div class=\"elementor-column elementor-col-100 elementor-top-column elementor-element elementor-element-744c6fc7 jltma-glass-effect-no\" data-id=\"744c6fc7\" data-element_type=\"column\">\n\t\t\t<div class=\"elementor-widget-wrap elementor-element-populated\">\n\t\t\t\t\t\t<div class=\"elementor-element elementor-element-90e0a01 jltma-glass-effect-no elementor-widget elementor-widget-spacer\" data-id=\"90e0a01\" data-element_type=\"widget\" data-widget_type=\"spacer.default\">\n\t\t\t\t<div class=\"elementor-widget-container\">\n\t\t\t\t\t\t\t<div class=\"elementor-spacer\">\n\t\t\t<div class=\"elementor-spacer-inner\"><\/div>\n\t\t<\/div>\n\t\t\t\t\t\t<\/div>\n\t\t\t\t<\/div>\n\t\t\t\t<section class=\"elementor-section elementor-inner-section elementor-element elementor-element-9594014 elementor-section-boxed elementor-section-height-default elementor-section-height-default jltma-glass-effect-no\" data-id=\"9594014\" data-element_type=\"section\">\n\t\t\t\t\t\t<div class=\"elementor-container elementor-column-gap-default\">\n\t\t\t\t\t<div class=\"elementor-column elementor-col-50 elementor-inner-column elementor-element elementor-element-be93088 jltma-glass-effect-no\" data-id=\"be93088\" data-element_type=\"column\">\n\t\t\t<div class=\"elementor-widget-wrap elementor-element-populated\">\n\t\t\t\t\t\t<div class=\"elementor-element elementor-element-b3d248d jltma-glass-effect-no elementor-widget elementor-widget-image\" data-id=\"b3d248d\" data-element_type=\"widget\" data-widget_type=\"image.default\">\n\t\t\t\t<div class=\"elementor-widget-container\">\n\t\t\t\t\t\t\t\t\t\t\t\t\t\t\t<img decoding=\"async\" width=\"500\" height=\"333\" src=\"https:\/\/i0.wp.com\/triart.com.do\/tg\/wp-content\/uploads\/2021\/07\/tg-edu-lab.jpg?fit=500%2C333&amp;ssl=1\" class=\"attachment-large size-large wp-image-3856\" alt=\"\" srcset=\"https:\/\/i0.wp.com\/triart.com.do\/tg\/wp-content\/uploads\/2021\/07\/tg-edu-lab.jpg?w=500&amp;ssl=1 500w, https:\/\/i0.wp.com\/triart.com.do\/tg\/wp-content\/uploads\/2021\/07\/tg-edu-lab.jpg?resize=300%2C200&amp;ssl=1 300w\" sizes=\"(max-width: 500px) 100vw, 500px\" \/>\t\t\t\t\t\t\t\t\t\t\t\t\t\t\t<\/div>\n\t\t\t\t<\/div>\n\t\t\t\t\t<\/div>\n\t\t<\/div>\n\t\t\t\t<div class=\"elementor-column elementor-col-50 elementor-inner-column elementor-element elementor-element-73be52b jltma-glass-effect-no\" data-id=\"73be52b\" data-element_type=\"column\">\n\t\t\t<div class=\"elementor-widget-wrap elementor-element-populated\">\n\t\t\t\t\t\t<div class=\"elementor-element elementor-element-4b6828c jltma-glass-effect-no elementor-widget elementor-widget-heading\" data-id=\"4b6828c\" data-element_type=\"widget\" data-widget_type=\"heading.default\">\n\t\t\t\t<div class=\"elementor-widget-container\">\n\t\t\t\t\t<h1 class=\"elementor-heading-title elementor-size-xl\">Capacitaci\u00f3n y Certificaci\u00f3n<\/h1>\t\t\t\t<\/div>\n\t\t\t\t<\/div>\n\t\t\t\t<div class=\"elementor-element elementor-element-4f1dc82 jltma-glass-effect-no elementor-widget elementor-widget-text-editor\" data-id=\"4f1dc82\" data-element_type=\"widget\" data-widget_type=\"text-editor.default\">\n\t\t\t\t<div class=\"elementor-widget-container\">\n\t\t\t\t\t\t\t\t\t<p style=\"text-align: left;\">TriArt Group es tambi\u00e9n un centro de entrenamiento enfocado en desarrollar el manejo de aplicaciones especializadas de dise\u00f1o, documentaci\u00f3n y visualizaci\u00f3n de proyectos arquitect\u00f3nicos (principalmente); as\u00ed como tambi\u00e9n todos los procesos de apoyo para las etapas de presentaci\u00f3n, mercadeo y venta de dichos proyectos.<\/p>\n<p>Nuestro centro se especializa en la instrucci\u00f3n de Procesos BIM, y contamos con con la participaci\u00f3n y direcci\u00f3n de la Lic. Rebeca toribio, MA, quien cuenta con m\u00e1s de 12 a\u00f1os de experiencia en el uso deestos procesos y es adem\u00e1s la \u00fanica profesional en la Rep\u00fablica Dominicana quien ha recibido el sello de Autodesk Certified Instructor.<\/p>\t\t\t\t\t\t\t\t<\/div>\n\t\t\t\t<\/div>\n\t\t\t\t\t<\/div>\n\t\t<\/div>\n\t\t\t\t\t<\/div>\n\t\t<\/section>\n\t\t\t\t<section class=\"elementor-section elementor-inner-section elementor-element elementor-element-d65bd54 elementor-section-boxed elementor-section-height-default elementor-section-height-default jltma-glass-effect-no\" data-id=\"d65bd54\" data-element_type=\"section\">\n\t\t\t\t\t\t<div class=\"elementor-container elementor-column-gap-default\">\n\t\t\t\t\t<div class=\"elementor-column elementor-col-50 elementor-inner-column elementor-element elementor-element-4221145 jltma-glass-effect-no\" data-id=\"4221145\" data-element_type=\"column\">\n\t\t\t<div class=\"elementor-widget-wrap elementor-element-populated\">\n\t\t\t\t\t\t<div class=\"elementor-element elementor-element-e33e2c5 jltma-glass-effect-no elementor-widget elementor-widget-heading\" data-id=\"e33e2c5\" data-element_type=\"widget\" data-widget_type=\"heading.default\">\n\t\t\t\t<div class=\"elementor-widget-container\">\n\t\t\t\t\t<h2 class=\"elementor-heading-title elementor-size-default\">\u00bfQu\u00e9 Nos Hace Superior?<\/h2>\t\t\t\t<\/div>\n\t\t\t\t<\/div>\n\t\t\t\t<div class=\"elementor-element elementor-element-3f1e452 jltma-glass-effect-no elementor-widget elementor-widget-text-editor\" data-id=\"3f1e452\" data-element_type=\"widget\" data-widget_type=\"text-editor.default\">\n\t\t\t\t<div class=\"elementor-widget-container\">\n\t\t\t\t\t\t\t\t\t<p>Nuestro centro, TriArt Group\u00ae, se especializa en la instrucci\u00f3n de soluciones para la industria de la Arquitectura, Ingenier\u00eda y la Construcci\u00f3n;\u00a0 con un enfoque particular hacia la implementaci\u00f3n de Building Information Modeling (BIM).\u00a0<\/p>\n<p>TriArt Group tambi\u00e9n ofrece entrenamiento y certificaci\u00f3n para el portafolio de productos de nuestro socio Autodesk, Inc.<\/p>\n<p>Contamos con m\u00e1s de 14 a\u00f1os de experiencia en el uso de BIM y\u00a0 la \u00fanica profesional en la Rep\u00fablica Dominicana quien ha recibido el sello de Autodesk Certified Instructor (Silver) en el pa\u00eds.<\/p>\t\t\t\t\t\t\t\t<\/div>\n\t\t\t\t<\/div>\n\t\t\t\t\t<\/div>\n\t\t<\/div>\n\t\t\t\t<div class=\"elementor-column elementor-col-50 elementor-inner-column elementor-element elementor-element-05233b2 jltma-glass-effect-no\" data-id=\"05233b2\" data-element_type=\"column\">\n\t\t\t<div class=\"elementor-widget-wrap elementor-element-populated\">\n\t\t\t\t\t\t<div class=\"elementor-element elementor-element-ed91a29 jltma-glass-effect-no elementor-widget elementor-widget-video\" data-id=\"ed91a29\" data-element_type=\"widget\" data-settings=\"{&quot;youtube_url&quot;:&quot;https:\\\/\\\/www.youtube.com\\\/watch?v=gsm15cawHbY&quot;,&quot;yt_privacy&quot;:&quot;yes&quot;,&quot;show_image_overlay&quot;:&quot;yes&quot;,&quot;image_overlay&quot;:{&quot;url&quot;:&quot;https:\\\/\\\/triart.com.do\\\/tg\\\/wp-content\\\/uploads\\\/2021\\\/05\\\/adsk-bim-video01.png&quot;,&quot;id&quot;:2139,&quot;size&quot;:&quot;&quot;},&quot;lightbox&quot;:&quot;yes&quot;,&quot;video_type&quot;:&quot;youtube&quot;,&quot;controls&quot;:&quot;yes&quot;}\" data-widget_type=\"video.default\">\n\t\t\t\t<div class=\"elementor-widget-container\">\n\t\t\t\t\t\t\t<div class=\"elementor-wrapper elementor-open-lightbox\">\n\t\t\t\t\t\t\t<div class=\"elementor-custom-embed-image-overlay\" data-elementor-open-lightbox=\"yes\" data-elementor-lightbox=\"{&quot;type&quot;:&quot;video&quot;,&quot;videoType&quot;:&quot;youtube&quot;,&quot;url&quot;:&quot;https:\\\/\\\/www.youtube-nocookie.com\\\/embed\\\/gsm15cawHbY?feature=oembed&amp;start&amp;end&amp;wmode=opaque&amp;loop=0&amp;controls=1&amp;mute=0&amp;rel=0&amp;cc_load_policy=0&quot;,&quot;autoplay&quot;:&quot;&quot;,&quot;modalOptions&quot;:{&quot;id&quot;:&quot;elementor-lightbox-ed91a29&quot;,&quot;entranceAnimation&quot;:&quot;&quot;,&quot;entranceAnimation_tablet&quot;:&quot;&quot;,&quot;entranceAnimation_mobile&quot;:&quot;&quot;,&quot;videoAspectRatio&quot;:&quot;169&quot;}}\" data-e-action-hash=\"#elementor-action%3Aaction%3Dlightbox%26settings%3DeyJ0eXBlIjoidmlkZW8iLCJ2aWRlb1R5cGUiOiJ5b3V0dWJlIiwidXJsIjoiaHR0cHM6XC9cL3d3dy55b3V0dWJlLW5vY29va2llLmNvbVwvZW1iZWRcL2dzbTE1Y2F3SGJZP2ZlYXR1cmU9b2VtYmVkJnN0YXJ0JmVuZCZ3bW9kZT1vcGFxdWUmbG9vcD0wJmNvbnRyb2xzPTEmbXV0ZT0wJnJlbD0wJmNjX2xvYWRfcG9saWN5PTAiLCJhdXRvcGxheSI6IiIsIm1vZGFsT3B0aW9ucyI6eyJpZCI6ImVsZW1lbnRvci1saWdodGJveC1lZDkxYTI5IiwiZW50cmFuY2VBbmltYXRpb24iOiIiLCJlbnRyYW5jZUFuaW1hdGlvbl90YWJsZXQiOiIiLCJlbnRyYW5jZUFuaW1hdGlvbl9tb2JpbGUiOiIiLCJ2aWRlb0FzcGVjdFJhdGlvIjoiMTY5In19\">\n\t\t\t\t\t\t\t\t\t\t\t<img decoding=\"async\" width=\"1056\" height=\"600\" src=\"https:\/\/i0.wp.com\/triart.com.do\/tg\/wp-content\/uploads\/2021\/05\/adsk-bim-video01.png?fit=1056%2C600&amp;ssl=1\" class=\"attachment-full size-full wp-image-2139\" alt=\"\" srcset=\"https:\/\/i0.wp.com\/triart.com.do\/tg\/wp-content\/uploads\/2021\/05\/adsk-bim-video01.png?w=1056&amp;ssl=1 1056w, https:\/\/i0.wp.com\/triart.com.do\/tg\/wp-content\/uploads\/2021\/05\/adsk-bim-video01.png?resize=300%2C170&amp;ssl=1 300w, https:\/\/i0.wp.com\/triart.com.do\/tg\/wp-content\/uploads\/2021\/05\/adsk-bim-video01.png?resize=1024%2C582&amp;ssl=1 1024w, https:\/\/i0.wp.com\/triart.com.do\/tg\/wp-content\/uploads\/2021\/05\/adsk-bim-video01.png?resize=768%2C436&amp;ssl=1 768w\" sizes=\"(max-width: 640px) 100vw, 640px\" \/>\t\t\t\t\t\t\t\t\t\t\t\t\t\t\t\t<div class=\"elementor-custom-embed-play\" role=\"button\" aria-label=\"Play Video\" tabindex=\"0\">\n\t\t\t\t\t\t\t<i aria-hidden=\"true\" class=\"eicon-play\"><\/i>\t\t\t\t\t\t<\/div>\n\t\t\t\t\t\t\t\t\t<\/div>\n\t\t\t\t\t<\/div>\n\t\t\t\t\t\t<\/div>\n\t\t\t\t<\/div>\n\t\t\t\t\t<\/div>\n\t\t<\/div>\n\t\t\t\t\t<\/div>\n\t\t<\/section>\n\t\t\t\t<div class=\"elementor-element elementor-element-2650d9c elementor-widget-divider--view-line jltma-glass-effect-no elementor-widget elementor-widget-divider\" data-id=\"2650d9c\" data-element_type=\"widget\" data-widget_type=\"divider.default\">\n\t\t\t\t<div class=\"elementor-widget-container\">\n\t\t\t\t\t\t\t<div class=\"elementor-divider\">\n\t\t\t<span class=\"elementor-divider-separator\">\n\t\t\t\t\t\t<\/span>\n\t\t<\/div>\n\t\t\t\t\t\t<\/div>\n\t\t\t\t<\/div>\n\t\t\t\t<section class=\"elementor-section elementor-inner-section elementor-element elementor-element-d2d4f95 elementor-section-boxed elementor-section-height-default elementor-section-height-default jltma-glass-effect-no\" data-id=\"d2d4f95\" data-element_type=\"section\">\n\t\t\t\t\t\t<div class=\"elementor-container elementor-column-gap-default\">\n\t\t\t\t\t<div class=\"elementor-column elementor-col-50 elementor-inner-column elementor-element elementor-element-fdfc0fc jltma-glass-effect-no\" data-id=\"fdfc0fc\" data-element_type=\"column\">\n\t\t\t<div class=\"elementor-widget-wrap elementor-element-populated\">\n\t\t\t\t\t\t<div class=\"elementor-element elementor-element-df88ce6 jltma-glass-effect-no elementor-widget elementor-widget-image\" data-id=\"df88ce6\" data-element_type=\"widget\" data-widget_type=\"image.default\">\n\t\t\t\t<div class=\"elementor-widget-container\">\n\t\t\t\t\t\t\t\t\t\t\t\t\t\t\t<img loading=\"lazy\" decoding=\"async\" width=\"640\" height=\"267\" src=\"https:\/\/i0.wp.com\/triart.com.do\/tg\/wp-content\/uploads\/2020\/02\/two-woman-sitting.jpg?fit=640%2C267&amp;ssl=1\" class=\"attachment-large size-large wp-image-619\" alt=\"\" srcset=\"https:\/\/i0.wp.com\/triart.com.do\/tg\/wp-content\/uploads\/2020\/02\/two-woman-sitting.jpg?w=1920&amp;ssl=1 1920w, https:\/\/i0.wp.com\/triart.com.do\/tg\/wp-content\/uploads\/2020\/02\/two-woman-sitting.jpg?resize=300%2C125&amp;ssl=1 300w, https:\/\/i0.wp.com\/triart.com.do\/tg\/wp-content\/uploads\/2020\/02\/two-woman-sitting.jpg?resize=1024%2C427&amp;ssl=1 1024w, https:\/\/i0.wp.com\/triart.com.do\/tg\/wp-content\/uploads\/2020\/02\/two-woman-sitting.jpg?resize=768%2C320&amp;ssl=1 768w, https:\/\/i0.wp.com\/triart.com.do\/tg\/wp-content\/uploads\/2020\/02\/two-woman-sitting.jpg?resize=1536%2C640&amp;ssl=1 1536w, https:\/\/i0.wp.com\/triart.com.do\/tg\/wp-content\/uploads\/2020\/02\/two-woman-sitting.jpg?w=1280&amp;ssl=1 1280w\" sizes=\"(max-width: 640px) 100vw, 640px\" \/>\t\t\t\t\t\t\t\t\t\t\t\t\t\t\t<\/div>\n\t\t\t\t<\/div>\n\t\t\t\t\t<\/div>\n\t\t<\/div>\n\t\t\t\t<div class=\"elementor-column elementor-col-50 elementor-inner-column elementor-element elementor-element-6e6c5c8 jltma-glass-effect-no\" data-id=\"6e6c5c8\" data-element_type=\"column\">\n\t\t\t<div class=\"elementor-widget-wrap elementor-element-populated\">\n\t\t\t\t\t\t<div class=\"elementor-element elementor-element-b2750ed jltma-glass-effect-no elementor-widget elementor-widget-heading\" data-id=\"b2750ed\" data-element_type=\"widget\" data-widget_type=\"heading.default\">\n\t\t\t\t<div class=\"elementor-widget-container\">\n\t\t\t\t\t<h2 class=\"elementor-heading-title elementor-size-default\">\u00bfPor Qu\u00e9 Somos Mejor?<\/h2>\t\t\t\t<\/div>\n\t\t\t\t<\/div>\n\t\t\t\t<div class=\"elementor-element elementor-element-ce468a8 jltma-glass-effect-no elementor-widget elementor-widget-text-editor\" data-id=\"ce468a8\" data-element_type=\"widget\" data-widget_type=\"text-editor.default\">\n\t\t\t\t<div class=\"elementor-widget-container\">\n\t\t\t\t\t\t\t\t\t<p>TriArt Group garantiza una ense\u00f1anza integral a todos sus estudiantes y asegura un aprendizaje activo y eficaz que utiliza una metodolog\u00eda pr\u00e1ctica. Cada estudiante trabaja con proyectos reales y los completa bajo la supervisi\u00f3n y asistencia del instructor; esto facilita una comprensi\u00f3n de los usos reales de las aplicaciones en el mundo real.<\/p>\t\t\t\t\t\t\t\t<\/div>\n\t\t\t\t<\/div>\n\t\t\t\t\t<\/div>\n\t\t<\/div>\n\t\t\t\t\t<\/div>\n\t\t<\/section>\n\t\t\t\t<div class=\"elementor-element elementor-element-58d7b68 jltma-glass-effect-no elementor-widget elementor-widget-spacer\" data-id=\"58d7b68\" data-element_type=\"widget\" data-widget_type=\"spacer.default\">\n\t\t\t\t<div class=\"elementor-widget-container\">\n\t\t\t\t\t\t\t<div class=\"elementor-spacer\">\n\t\t\t<div class=\"elementor-spacer-inner\"><\/div>\n\t\t<\/div>\n\t\t\t\t\t\t<\/div>\n\t\t\t\t<\/div>\n\t\t\t\t\t<\/div>\n\t\t<\/div>\n\t\t\t\t\t<\/div>\n\t\t<\/section>\n\t\t\t\t<section class=\"elementor-section elementor-top-section elementor-element elementor-element-da8fbe9 elementor-section-stretched elementor-section-boxed elementor-section-height-default elementor-section-height-default jltma-glass-effect-no\" data-id=\"da8fbe9\" data-element_type=\"section\" data-settings=\"{&quot;stretch_section&quot;:&quot;section-stretched&quot;,&quot;background_background&quot;:&quot;classic&quot;}\">\n\t\t\t\t\t\t<div class=\"elementor-container elementor-column-gap-default\">\n\t\t\t\t\t<div class=\"elementor-column elementor-col-100 elementor-top-column elementor-element elementor-element-c0217c5 jltma-glass-effect-no\" data-id=\"c0217c5\" data-element_type=\"column\">\n\t\t\t<div class=\"elementor-widget-wrap elementor-element-populated\">\n\t\t\t\t\t\t<div class=\"elementor-element elementor-element-8331b14 elementor-widget-divider--view-line jltma-glass-effect-no elementor-widget elementor-widget-divider\" data-id=\"8331b14\" data-element_type=\"widget\" data-widget_type=\"divider.default\">\n\t\t\t\t<div class=\"elementor-widget-container\">\n\t\t\t\t\t\t\t<div class=\"elementor-divider\">\n\t\t\t<span class=\"elementor-divider-separator\">\n\t\t\t\t\t\t<\/span>\n\t\t<\/div>\n\t\t\t\t\t\t<\/div>\n\t\t\t\t<\/div>\n\t\t\t\t<section class=\"elementor-section elementor-inner-section elementor-element elementor-element-cca29e2 elementor-section-boxed elementor-section-height-default elementor-section-height-default jltma-glass-effect-no\" data-id=\"cca29e2\" data-element_type=\"section\">\n\t\t\t\t\t\t<div class=\"elementor-container elementor-column-gap-default\">\n\t\t\t\t\t<div class=\"elementor-column elementor-col-50 elementor-inner-column elementor-element elementor-element-e5fe8a2 jltma-glass-effect-no\" data-id=\"e5fe8a2\" data-element_type=\"column\">\n\t\t\t<div class=\"elementor-widget-wrap elementor-element-populated\">\n\t\t\t\t\t\t<div class=\"elementor-element elementor-element-5a83e47 jltma-glass-effect-no elementor-widget elementor-widget-heading\" data-id=\"5a83e47\" data-element_type=\"widget\" data-widget_type=\"heading.default\">\n\t\t\t\t<div class=\"elementor-widget-container\">\n\t\t\t\t\t<h2 class=\"elementor-heading-title elementor-size-default\">Nuestro Enfoque a la Implementaci\u00f3n BIM<\/h2>\t\t\t\t<\/div>\n\t\t\t\t<\/div>\n\t\t\t\t<div class=\"elementor-element elementor-element-1792eff jltma-glass-effect-no elementor-widget elementor-widget-text-editor\" data-id=\"1792eff\" data-element_type=\"widget\" data-widget_type=\"text-editor.default\">\n\t\t\t\t<div class=\"elementor-widget-container\">\n\t\t\t\t\t\t\t\t\t<p>Por definici\u00f3n, la correcta implementaci\u00f3n de procesos BIM requiere de capacitaci\u00f3n detallada y exhaustiva; no s\u00f3lo en el uso de aplicaciones, si no en la formaci\u00f3n de una <em>mente BIM.\u00a0 <\/em>Esto es, el objetivo principal de la capacitaci\u00f3n va m\u00e1s all\u00e1 del uso de una aplicaci\u00f3n.\u00a0 La instrucci\u00f3n est\u00e1 enfocada en la correcta comprensi\u00f3n del alcance de BIM, la necesaria rigurosidad requerida, as\u00ed como la calidad de informaci\u00f3n generada.<\/p>\n<p>Nuestro programa de capacitaci\u00f3n tambi\u00e9n toma en cuenta consideraciones para la alineaci\u00f3n con la Norma ISO 19650.<\/p>\t\t\t\t\t\t\t\t<\/div>\n\t\t\t\t<\/div>\n\t\t\t\t\t<\/div>\n\t\t<\/div>\n\t\t\t\t<div class=\"elementor-column elementor-col-50 elementor-inner-column elementor-element elementor-element-9c882b6 jltma-glass-effect-no\" data-id=\"9c882b6\" data-element_type=\"column\">\n\t\t\t<div class=\"elementor-widget-wrap elementor-element-populated\">\n\t\t\t\t\t\t<div class=\"elementor-element elementor-element-8b7b3f5 jltma-glass-effect-no elementor-widget elementor-widget-image\" data-id=\"8b7b3f5\" data-element_type=\"widget\" data-widget_type=\"image.default\">\n\t\t\t\t<div class=\"elementor-widget-container\">\n\t\t\t\t\t\t\t\t\t\t\t\t\t\t\t<img loading=\"lazy\" decoding=\"async\" width=\"580\" height=\"290\" src=\"https:\/\/i0.wp.com\/triart.com.do\/tg\/wp-content\/uploads\/2021\/06\/adsk-industry-aec-evolve.jpg?fit=580%2C290&amp;ssl=1\" class=\"attachment-large size-large wp-image-3597\" alt=\"\" srcset=\"https:\/\/i0.wp.com\/triart.com.do\/tg\/wp-content\/uploads\/2021\/06\/adsk-industry-aec-evolve.jpg?w=580&amp;ssl=1 580w, https:\/\/i0.wp.com\/triart.com.do\/tg\/wp-content\/uploads\/2021\/06\/adsk-industry-aec-evolve.jpg?resize=300%2C150&amp;ssl=1 300w\" sizes=\"(max-width: 580px) 100vw, 580px\" \/>\t\t\t\t\t\t\t\t\t\t\t\t\t\t\t<\/div>\n\t\t\t\t<\/div>\n\t\t\t\t\t<\/div>\n\t\t<\/div>\n\t\t\t\t\t<\/div>\n\t\t<\/section>\n\t\t\t\t<div class=\"elementor-element elementor-element-1bb8977 jltma-glass-effect-no elementor-widget elementor-widget-text-editor\" data-id=\"1bb8977\" data-element_type=\"widget\" data-widget_type=\"text-editor.default\">\n\t\t\t\t<div class=\"elementor-widget-container\">\n\t\t\t\t\t\t\t\t\t<p>Si deseas implementar BIM en tu empresa, el primer paso es la capacitaci\u00f3n.\u00a0 Debes entender que todos los procesos internos y la manera en que todos interact\u00faan con el proyecto debe cambiar. Estos cambios pueden ser traum\u00e1ticos. Podemos ayudarte a lograr que la implementaci\u00f3n no s\u00f3lo sea m\u00e1s f\u00e1cil sino que tambi\u00e9n sea exitosa. Para m\u00e1s informaci\u00f3n sobre nuestros servicios de consultor\u00eda de implementaci\u00f3n BIM, puedes <a href=\"https:\/\/triart.com.do\/tg\/contact\/\">contactarnos<\/a>.<\/p>\t\t\t\t\t\t\t\t<\/div>\n\t\t\t\t<\/div>\n\t\t\t\t<div class=\"elementor-element elementor-element-4739fc9 elementor-widget-divider--view-line jltma-glass-effect-no elementor-widget elementor-widget-divider\" data-id=\"4739fc9\" data-element_type=\"widget\" data-widget_type=\"divider.default\">\n\t\t\t\t<div class=\"elementor-widget-container\">\n\t\t\t\t\t\t\t<div class=\"elementor-divider\">\n\t\t\t<span class=\"elementor-divider-separator\">\n\t\t\t\t\t\t<\/span>\n\t\t<\/div>\n\t\t\t\t\t\t<\/div>\n\t\t\t\t<\/div>\n\t\t\t\t<div class=\"elementor-element elementor-element-60ec4ba jltma-glass-effect-no elementor-widget elementor-widget-spacer\" data-id=\"60ec4ba\" data-element_type=\"widget\" data-widget_type=\"spacer.default\">\n\t\t\t\t<div class=\"elementor-widget-container\">\n\t\t\t\t\t\t\t<div class=\"elementor-spacer\">\n\t\t\t<div class=\"elementor-spacer-inner\"><\/div>\n\t\t<\/div>\n\t\t\t\t\t\t<\/div>\n\t\t\t\t<\/div>\n\t\t\t\t\t<\/div>\n\t\t<\/div>\n\t\t\t\t\t<\/div>\n\t\t<\/section>\n\t\t\t\t<\/div>\n\t\t","protected":false},"excerpt":{"rendered":"<p>Capacitaci\u00f3n y Certificaci\u00f3n TriArt Group es tambi\u00e9n un centro de entrenamiento enfocado en desarrollar el manejo de aplicaciones especializadas de dise\u00f1o, documentaci\u00f3n y visualizaci\u00f3n de proyectos arquitect\u00f3nicos (principalmente); as\u00ed como tambi\u00e9n todos los procesos de apoyo para las etapas de presentaci\u00f3n, mercadeo y venta de dichos proyectos. Nuestro centro se especializa en la instrucci\u00f3n de [&hellip;]<\/p>\n","protected":false},"author":1,"featured_media":0,"parent":1058,"menu_order":2,"comment_status":"closed","ping_status":"closed","template":"elementor_header_footer","meta":{"om_disable_all_campaigns":false,"_monsterinsights_skip_tracking":false,"_monsterinsights_sitenote_active":false,"_monsterinsights_sitenote_note":"","_monsterinsights_sitenote_category":0,"footnotes":""},"class_list":["post-3850","page","type-page","status-publish","hentry"],"jetpack_sharing_enabled":true,"_links":{"self":[{"href":"https:\/\/triart.com.do\/tg\/wp-json\/wp\/v2\/pages\/3850","targetHints":{"allow":["GET"]}}],"collection":[{"href":"https:\/\/triart.com.do\/tg\/wp-json\/wp\/v2\/pages"}],"about":[{"href":"https:\/\/triart.com.do\/tg\/wp-json\/wp\/v2\/types\/page"}],"author":[{"embeddable":true,"href":"https:\/\/triart.com.do\/tg\/wp-json\/wp\/v2\/users\/1"}],"replies":[{"embeddable":true,"href":"https:\/\/triart.com.do\/tg\/wp-json\/wp\/v2\/comments?post=3850"}],"version-history":[{"count":5,"href":"https:\/\/triart.com.do\/tg\/wp-json\/wp\/v2\/pages\/3850\/revisions"}],"predecessor-version":[{"id":4394,"href":"https:\/\/triart.com.do\/tg\/wp-json\/wp\/v2\/pages\/3850\/revisions\/4394"}],"up":[{"embeddable":true,"href":"https:\/\/triart.com.do\/tg\/wp-json\/wp\/v2\/pages\/1058"}],"wp:attachment":[{"href":"https:\/\/triart.com.do\/tg\/wp-json\/wp\/v2\/media?parent=3850"}],"curies":[{"name":"wp","href":"https:\/\/api.w.org\/{rel}","templated":true}]}}