{"id":3869,"date":"2021-07-03T19:52:34","date_gmt":"2021-07-03T23:52:34","guid":{"rendered":"https:\/\/triart.com.do\/tg\/?page_id=3869"},"modified":"2021-09-17T13:42:35","modified_gmt":"2021-09-17T17:42:35","slug":"netsupport","status":"publish","type":"page","link":"https:\/\/triart.com.do\/tg\/productos-2\/netsupport\/","title":{"rendered":"NetSupport\u00ae"},"content":{"rendered":"\t\t<div data-elementor-type=\"wp-page\" data-elementor-id=\"3869\" class=\"elementor elementor-3869\">\n\t\t\t\t\t\t<section class=\"elementor-section elementor-top-section elementor-element elementor-element-ed87521 elementor-section-full_width elementor-section-stretched elementor-section-height-default elementor-section-height-default jltma-glass-effect-no\" data-id=\"ed87521\" data-element_type=\"section\" data-settings=\"{&quot;stretch_section&quot;:&quot;section-stretched&quot;}\">\n\t\t\t\t\t\t<div class=\"elementor-container elementor-column-gap-default\">\n\t\t\t\t\t<div class=\"elementor-column elementor-col-100 elementor-top-column elementor-element elementor-element-f9af6d7 jltma-glass-effect-no\" data-id=\"f9af6d7\" data-element_type=\"column\">\n\t\t\t<div class=\"elementor-widget-wrap elementor-element-populated\">\n\t\t\t\t\t\t<div class=\"elementor-element elementor-element-2cf07c7 jltma-glass-effect-no elementor-widget elementor-widget-image\" data-id=\"2cf07c7\" data-element_type=\"widget\" data-widget_type=\"image.default\">\n\t\t\t\t<div class=\"elementor-widget-container\">\n\t\t\t\t\t\t\t\t\t\t\t\t\t\t\t<img fetchpriority=\"high\" decoding=\"async\" width=\"2200\" height=\"296\" src=\"https:\/\/i0.wp.com\/triart.com.do\/tg\/wp-content\/uploads\/2021\/07\/nss-banner02.jpg?fit=2200%2C296&amp;ssl=1\" class=\"attachment-full size-full wp-image-3871\" alt=\"\" srcset=\"https:\/\/i0.wp.com\/triart.com.do\/tg\/wp-content\/uploads\/2021\/07\/nss-banner02.jpg?w=2200&amp;ssl=1 2200w, https:\/\/i0.wp.com\/triart.com.do\/tg\/wp-content\/uploads\/2021\/07\/nss-banner02.jpg?resize=300%2C40&amp;ssl=1 300w, https:\/\/i0.wp.com\/triart.com.do\/tg\/wp-content\/uploads\/2021\/07\/nss-banner02.jpg?resize=1024%2C138&amp;ssl=1 1024w, https:\/\/i0.wp.com\/triart.com.do\/tg\/wp-content\/uploads\/2021\/07\/nss-banner02.jpg?resize=768%2C103&amp;ssl=1 768w, https:\/\/i0.wp.com\/triart.com.do\/tg\/wp-content\/uploads\/2021\/07\/nss-banner02.jpg?resize=1536%2C207&amp;ssl=1 1536w, https:\/\/i0.wp.com\/triart.com.do\/tg\/wp-content\/uploads\/2021\/07\/nss-banner02.jpg?resize=2048%2C276&amp;ssl=1 2048w, https:\/\/i0.wp.com\/triart.com.do\/tg\/wp-content\/uploads\/2021\/07\/nss-banner02.jpg?w=1280&amp;ssl=1 1280w, https:\/\/i0.wp.com\/triart.com.do\/tg\/wp-content\/uploads\/2021\/07\/nss-banner02.jpg?w=1920&amp;ssl=1 1920w\" sizes=\"(max-width: 640px) 100vw, 640px\" \/>\t\t\t\t\t\t\t\t\t\t\t\t\t\t\t<\/div>\n\t\t\t\t<\/div>\n\t\t\t\t\t<\/div>\n\t\t<\/div>\n\t\t\t\t\t<\/div>\n\t\t<\/section>\n\t\t\t\t<section class=\"elementor-section elementor-top-section elementor-element elementor-element-208a3745 elementor-section-boxed elementor-section-height-default elementor-section-height-default jltma-glass-effect-no\" data-id=\"208a3745\" data-element_type=\"section\">\n\t\t\t\t\t\t<div class=\"elementor-container elementor-column-gap-default\">\n\t\t\t\t\t<div class=\"elementor-column elementor-col-100 elementor-top-column elementor-element elementor-element-3c78dc97 jltma-glass-effect-no\" data-id=\"3c78dc97\" data-element_type=\"column\">\n\t\t\t<div class=\"elementor-widget-wrap elementor-element-populated\">\n\t\t\t\t\t\t<div class=\"elementor-element elementor-element-fdfb29a jltma-glass-effect-no elementor-widget elementor-widget-spacer\" data-id=\"fdfb29a\" data-element_type=\"widget\" data-widget_type=\"spacer.default\">\n\t\t\t\t<div class=\"elementor-widget-container\">\n\t\t\t\t\t\t\t<div class=\"elementor-spacer\">\n\t\t\t<div class=\"elementor-spacer-inner\"><\/div>\n\t\t<\/div>\n\t\t\t\t\t\t<\/div>\n\t\t\t\t<\/div>\n\t\t\t\t<section class=\"elementor-section elementor-inner-section elementor-element elementor-element-a4e2cfa elementor-section-boxed elementor-section-height-default elementor-section-height-default jltma-glass-effect-no\" data-id=\"a4e2cfa\" data-element_type=\"section\">\n\t\t\t\t\t\t<div class=\"elementor-container elementor-column-gap-default\">\n\t\t\t\t\t<div class=\"elementor-column elementor-col-50 elementor-inner-column elementor-element elementor-element-63be986 jltma-glass-effect-no\" data-id=\"63be986\" data-element_type=\"column\">\n\t\t\t<div class=\"elementor-widget-wrap elementor-element-populated\">\n\t\t\t\t\t\t<div class=\"elementor-element elementor-element-f1ad5d6 jltma-glass-effect-no elementor-widget elementor-widget-heading\" data-id=\"f1ad5d6\" data-element_type=\"widget\" data-widget_type=\"heading.default\">\n\t\t\t\t<div class=\"elementor-widget-container\">\n\t\t\t\t\t<h2 class=\"elementor-heading-title elementor-size-large\">\u00bfQu\u00e9 es NetSupport?<\/h2>\t\t\t\t<\/div>\n\t\t\t\t<\/div>\n\t\t\t\t<div class=\"elementor-element elementor-element-7801e169 jltma-glass-effect-no elementor-widget elementor-widget-text-editor\" data-id=\"7801e169\" data-element_type=\"widget\" data-widget_type=\"text-editor.default\">\n\t\t\t\t<div class=\"elementor-widget-container\">\n\t\t\t\t\t\t\t\t\t\n<p>NetSupport es una empresa de software l\u00edder en soluciones educativas y corporativas para soporte de TI, com m\u00e1s de 18 millones de instalaciones.<\/p>\n<p>Con sus oficinas principales en el Reino Unido, la empresa est\u00e1 enfocada en el desarrollo de productos y el suministro de soluciones a trav\u00e9s de una red internacional de distribuidores, junto a otras oficinas en el Reino Unido, Estados Unidos, Canad\u00e1, Alemania y Jap\u00f3n.<\/p>\n<p>NetSupport provee a instituciones corporativas y educativas con las mejores herramientas esenciales para un manejo exitoso de sus recursos de tecnolog\u00eda.\u00a0 NetSupport tambi\u00e9n te ayudar\u00e1 a lograr las mejores pr\u00e1cticas y maximizar dichos recursos.<\/p>\n\t\t\t\t\t\t\t\t<\/div>\n\t\t\t\t<\/div>\n\t\t\t\t\t<\/div>\n\t\t<\/div>\n\t\t\t\t<div class=\"elementor-column elementor-col-50 elementor-inner-column elementor-element elementor-element-473aaf0 jltma-glass-effect-no\" data-id=\"473aaf0\" data-element_type=\"column\">\n\t\t\t<div class=\"elementor-widget-wrap elementor-element-populated\">\n\t\t\t\t\t\t<div class=\"elementor-element elementor-element-f7924c4 jltma-glass-effect-no elementor-widget elementor-widget-image\" data-id=\"f7924c4\" data-element_type=\"widget\" data-widget_type=\"image.default\">\n\t\t\t\t<div class=\"elementor-widget-container\">\n\t\t\t\t\t\t\t\t\t\t\t\t\t\t\t<img decoding=\"async\" width=\"640\" height=\"471\" src=\"https:\/\/i0.wp.com\/triart.com.do\/tg\/wp-content\/uploads\/2021\/08\/nss-solutions.jpg?fit=640%2C471&amp;ssl=1\" class=\"attachment-large size-large wp-image-4036\" alt=\"\" srcset=\"https:\/\/i0.wp.com\/triart.com.do\/tg\/wp-content\/uploads\/2021\/08\/nss-solutions.jpg?w=922&amp;ssl=1 922w, https:\/\/i0.wp.com\/triart.com.do\/tg\/wp-content\/uploads\/2021\/08\/nss-solutions.jpg?resize=300%2C221&amp;ssl=1 300w, https:\/\/i0.wp.com\/triart.com.do\/tg\/wp-content\/uploads\/2021\/08\/nss-solutions.jpg?resize=768%2C565&amp;ssl=1 768w\" sizes=\"(max-width: 640px) 100vw, 640px\" \/>\t\t\t\t\t\t\t\t\t\t\t\t\t\t\t<\/div>\n\t\t\t\t<\/div>\n\t\t\t\t\t<\/div>\n\t\t<\/div>\n\t\t\t\t\t<\/div>\n\t\t<\/section>\n\t\t\t\t<div class=\"elementor-element elementor-element-7c60a96 jltma-glass-effect-no elementor-widget elementor-widget-spacer\" data-id=\"7c60a96\" data-element_type=\"widget\" data-widget_type=\"spacer.default\">\n\t\t\t\t<div class=\"elementor-widget-container\">\n\t\t\t\t\t\t\t<div class=\"elementor-spacer\">\n\t\t\t<div class=\"elementor-spacer-inner\"><\/div>\n\t\t<\/div>\n\t\t\t\t\t\t<\/div>\n\t\t\t\t<\/div>\n\t\t\t\t\t<\/div>\n\t\t<\/div>\n\t\t\t\t\t<\/div>\n\t\t<\/section>\n\t\t\t\t<section class=\"elementor-section elementor-top-section elementor-element elementor-element-ffcc70a elementor-section-stretched elementor-section-boxed elementor-section-height-default elementor-section-height-default jltma-glass-effect-no\" data-id=\"ffcc70a\" data-element_type=\"section\" data-settings=\"{&quot;stretch_section&quot;:&quot;section-stretched&quot;,&quot;background_background&quot;:&quot;classic&quot;}\">\n\t\t\t\t\t\t<div class=\"elementor-container elementor-column-gap-default\">\n\t\t\t\t\t<div class=\"elementor-column elementor-col-100 elementor-top-column elementor-element elementor-element-c3d1a6f jltma-glass-effect-no\" data-id=\"c3d1a6f\" data-element_type=\"column\">\n\t\t\t<div class=\"elementor-widget-wrap elementor-element-populated\">\n\t\t\t\t\t\t<div class=\"elementor-element elementor-element-854f0d1 elementor-widget-divider--view-line jltma-glass-effect-no elementor-widget elementor-widget-divider\" data-id=\"854f0d1\" data-element_type=\"widget\" data-widget_type=\"divider.default\">\n\t\t\t\t<div class=\"elementor-widget-container\">\n\t\t\t\t\t\t\t<div class=\"elementor-divider\">\n\t\t\t<span class=\"elementor-divider-separator\">\n\t\t\t\t\t\t<\/span>\n\t\t<\/div>\n\t\t\t\t\t\t<\/div>\n\t\t\t\t<\/div>\n\t\t\t\t<div class=\"elementor-element elementor-element-d6a9c7f jltma-glass-effect-no elementor-widget elementor-widget-heading\" data-id=\"d6a9c7f\" data-element_type=\"widget\" data-widget_type=\"heading.default\">\n\t\t\t\t<div class=\"elementor-widget-container\">\n\t\t\t\t\t<h2 class=\"elementor-heading-title elementor-size-xl\">SOLUCIONES:<\/h2>\t\t\t\t<\/div>\n\t\t\t\t<\/div>\n\t\t\t\t<section class=\"elementor-section elementor-inner-section elementor-element elementor-element-20e0bd6 elementor-section-content-middle elementor-section-boxed elementor-section-height-default elementor-section-height-default jltma-glass-effect-no\" data-id=\"20e0bd6\" data-element_type=\"section\">\n\t\t\t\t\t\t<div class=\"elementor-container elementor-column-gap-default\">\n\t\t\t\t\t<div class=\"elementor-column elementor-col-33 elementor-inner-column elementor-element elementor-element-b3d7d91 jltma-glass-effect-no\" data-id=\"b3d7d91\" data-element_type=\"column\">\n\t\t\t<div class=\"elementor-widget-wrap elementor-element-populated\">\n\t\t\t\t\t\t<div class=\"elementor-element elementor-element-fe5408a elementor-position-top jltma-glass-effect-no elementor-widget elementor-widget-image-box\" data-id=\"fe5408a\" data-element_type=\"widget\" data-widget_type=\"image-box.default\">\n\t\t\t\t<div class=\"elementor-widget-container\">\n\t\t\t\t\t<div class=\"elementor-image-box-wrapper\"><figure class=\"elementor-image-box-img\"><img decoding=\"async\" width=\"283\" height=\"113\" src=\"https:\/\/i0.wp.com\/triart.com.do\/tg\/wp-content\/uploads\/2021\/08\/NSM_Logo.png?fit=283%2C113&amp;ssl=1\" class=\"attachment-full size-full wp-image-4050\" alt=\"\" \/><\/figure><div class=\"elementor-image-box-content\"><h3 class=\"elementor-image-box-title\">Control Remoto Poderoso<\/h3><p class=\"elementor-image-box-description\">Soluci\u00f3n dise\u00f1ada para proveer soporte remoto de alta seguridad, flexible y efectivo.  Es la primera opci\u00f3n para soporte t\u00e9cnico.<\/p><\/div><\/div>\t\t\t\t<\/div>\n\t\t\t\t<\/div>\n\t\t\t\t<div class=\"elementor-element elementor-element-e6f49c5 elementor-widget-divider--view-line jltma-glass-effect-no elementor-widget elementor-widget-divider\" data-id=\"e6f49c5\" data-element_type=\"widget\" data-widget_type=\"divider.default\">\n\t\t\t\t<div class=\"elementor-widget-container\">\n\t\t\t\t\t\t\t<div class=\"elementor-divider\">\n\t\t\t<span class=\"elementor-divider-separator\">\n\t\t\t\t\t\t<\/span>\n\t\t<\/div>\n\t\t\t\t\t\t<\/div>\n\t\t\t\t<\/div>\n\t\t\t\t\t<\/div>\n\t\t<\/div>\n\t\t\t\t<div class=\"elementor-column elementor-col-33 elementor-inner-column elementor-element elementor-element-505f8b7 jltma-glass-effect-no\" data-id=\"505f8b7\" data-element_type=\"column\">\n\t\t\t<div class=\"elementor-widget-wrap elementor-element-populated\">\n\t\t\t\t\t\t<div class=\"elementor-element elementor-element-a5a9d95 elementor-position-top jltma-glass-effect-no elementor-widget elementor-widget-image-box\" data-id=\"a5a9d95\" data-element_type=\"widget\" data-widget_type=\"image-box.default\">\n\t\t\t\t<div class=\"elementor-widget-container\">\n\t\t\t\t\t<div class=\"elementor-image-box-wrapper\"><figure class=\"elementor-image-box-img\"><a href=\"https:\/\/triart.com.do\/tg\/netsupport\/nss\/\" tabindex=\"-1\"><img loading=\"lazy\" decoding=\"async\" width=\"283\" height=\"113\" src=\"https:\/\/i0.wp.com\/triart.com.do\/tg\/wp-content\/uploads\/2021\/08\/NSS_Logo.png?fit=283%2C113&amp;ssl=1\" class=\"attachment-full size-full wp-image-4051\" alt=\"\" \/><\/a><\/figure><div class=\"elementor-image-box-content\"><h3 class=\"elementor-image-box-title\"><a href=\"https:\/\/triart.com.do\/tg\/netsupport\/nss\/\">Gesti\u00f3n Completa de Aulas<\/a><\/h3><p class=\"elementor-image-box-description\">Con m\u00e1s de 31 a\u00f1os de desarrollo, NetSupport School es la herramienta para instrucci\u00f3n y control de aulas disponible para m\u00faltiples plataformas.<\/p><\/div><\/div>\t\t\t\t<\/div>\n\t\t\t\t<\/div>\n\t\t\t\t<div class=\"elementor-element elementor-element-6fe8b89 elementor-widget-divider--view-line jltma-glass-effect-no elementor-widget elementor-widget-divider\" data-id=\"6fe8b89\" data-element_type=\"widget\" data-widget_type=\"divider.default\">\n\t\t\t\t<div class=\"elementor-widget-container\">\n\t\t\t\t\t\t\t<div class=\"elementor-divider\">\n\t\t\t<span class=\"elementor-divider-separator\">\n\t\t\t\t\t\t<\/span>\n\t\t<\/div>\n\t\t\t\t\t\t<\/div>\n\t\t\t\t<\/div>\n\t\t\t\t\t<\/div>\n\t\t<\/div>\n\t\t\t\t<div class=\"elementor-column elementor-col-33 elementor-inner-column elementor-element elementor-element-ff8c4cd jltma-glass-effect-no\" data-id=\"ff8c4cd\" data-element_type=\"column\">\n\t\t\t<div class=\"elementor-widget-wrap elementor-element-populated\">\n\t\t\t\t\t\t<div class=\"elementor-element elementor-element-cead658 elementor-position-top jltma-glass-effect-no elementor-widget elementor-widget-image-box\" data-id=\"cead658\" data-element_type=\"widget\" data-widget_type=\"image-box.default\">\n\t\t\t\t<div class=\"elementor-widget-container\">\n\t\t\t\t\t<div class=\"elementor-image-box-wrapper\"><figure class=\"elementor-image-box-img\"><img loading=\"lazy\" decoding=\"async\" width=\"283\" height=\"113\" src=\"https:\/\/i0.wp.com\/triart.com.do\/tg\/wp-content\/uploads\/2021\/08\/DNA_Logo.png?fit=283%2C113&amp;ssl=1\" class=\"attachment-full size-full wp-image-4049\" alt=\"\" \/><\/figure><div class=\"elementor-image-box-content\"><h3 class=\"elementor-image-box-title\">Gesti\u00f3n y Seguridad de Activos de TI<\/h3><p class=\"elementor-image-box-description\">Una completa soluci\u00f3n para manejo de activos de tecnolog\u00eda para organizaciones corporativas e instituciones educativas.  <\/p><\/div><\/div>\t\t\t\t<\/div>\n\t\t\t\t<\/div>\n\t\t\t\t<div class=\"elementor-element elementor-element-01bf6ea elementor-widget-divider--view-line jltma-glass-effect-no elementor-widget elementor-widget-divider\" data-id=\"01bf6ea\" data-element_type=\"widget\" data-widget_type=\"divider.default\">\n\t\t\t\t<div class=\"elementor-widget-container\">\n\t\t\t\t\t\t\t<div class=\"elementor-divider\">\n\t\t\t<span class=\"elementor-divider-separator\">\n\t\t\t\t\t\t<\/span>\n\t\t<\/div>\n\t\t\t\t\t\t<\/div>\n\t\t\t\t<\/div>\n\t\t\t\t\t<\/div>\n\t\t<\/div>\n\t\t\t\t\t<\/div>\n\t\t<\/section>\n\t\t\t\t<section class=\"elementor-section elementor-inner-section elementor-element elementor-element-995ca67 elementor-section-content-middle elementor-section-boxed elementor-section-height-default elementor-section-height-default jltma-glass-effect-no\" data-id=\"995ca67\" data-element_type=\"section\">\n\t\t\t\t\t\t<div class=\"elementor-container elementor-column-gap-default\">\n\t\t\t\t\t<div class=\"elementor-column elementor-col-33 elementor-inner-column elementor-element elementor-element-1c05e96 jltma-glass-effect-no\" data-id=\"1c05e96\" data-element_type=\"column\">\n\t\t\t<div class=\"elementor-widget-wrap elementor-element-populated\">\n\t\t\t\t\t\t<div class=\"elementor-element elementor-element-50a7366 elementor-position-top jltma-glass-effect-no elementor-widget elementor-widget-image-box\" data-id=\"50a7366\" data-element_type=\"widget\" data-widget_type=\"image-box.default\">\n\t\t\t\t<div class=\"elementor-widget-container\">\n\t\t\t\t\t<div class=\"elementor-image-box-wrapper\"><figure class=\"elementor-image-box-img\"><img loading=\"lazy\" decoding=\"async\" width=\"285\" height=\"114\" src=\"https:\/\/i0.wp.com\/triart.com.do\/tg\/wp-content\/uploads\/2021\/08\/NSSD_Logo.png?fit=285%2C114&amp;ssl=1\" class=\"attachment-full size-full wp-image-4052\" alt=\"\" \/><\/figure><div class=\"elementor-image-box-content\"><h3 class=\"elementor-image-box-title\">Mesa de Ayuda en Navegador<\/h3><p class=\"elementor-image-box-description\">Soporte T\u00e9cnico desde el navegador para respuestas m\u00e1s r\u00e1pidas y reducci\u00f3n de tiempo de aver\u00eda de equipos.<\/p><\/div><\/div>\t\t\t\t<\/div>\n\t\t\t\t<\/div>\n\t\t\t\t\t<\/div>\n\t\t<\/div>\n\t\t\t\t<div class=\"elementor-column elementor-col-33 elementor-inner-column elementor-element elementor-element-a25433d jltma-glass-effect-no\" data-id=\"a25433d\" data-element_type=\"column\">\n\t\t\t<div class=\"elementor-widget-wrap elementor-element-populated\">\n\t\t\t\t\t\t<div class=\"elementor-element elementor-element-263622f elementor-position-top jltma-glass-effect-no elementor-widget elementor-widget-image-box\" data-id=\"263622f\" data-element_type=\"widget\" data-widget_type=\"image-box.default\">\n\t\t\t\t<div class=\"elementor-widget-container\">\n\t\t\t\t\t<div class=\"elementor-image-box-wrapper\"><figure class=\"elementor-image-box-img\"><img loading=\"lazy\" decoding=\"async\" width=\"283\" height=\"113\" src=\"https:\/\/i0.wp.com\/triart.com.do\/tg\/wp-content\/uploads\/2021\/08\/NSN_Logo.png?fit=283%2C113&amp;ssl=1\" class=\"attachment-full size-full wp-image-4053\" alt=\"\" \/><\/figure><div class=\"elementor-image-box-content\"><h3 class=\"elementor-image-box-title\">Alertas y Mensajer\u00eda en Desktop<\/h3><p class=\"elementor-image-box-description\">Puedes comunicarse instant\u00e1neamente con computadoras de estudiantes y staff para llevar notificaciones de una v\u00eda.<\/p><\/div><\/div>\t\t\t\t<\/div>\n\t\t\t\t<\/div>\n\t\t\t\t\t<\/div>\n\t\t<\/div>\n\t\t\t\t<div class=\"elementor-column elementor-col-33 elementor-inner-column elementor-element elementor-element-6015543 jltma-glass-effect-no\" data-id=\"6015543\" data-element_type=\"column\">\n\t\t\t<div class=\"elementor-widget-wrap elementor-element-populated\">\n\t\t\t\t\t\t<div class=\"elementor-element elementor-element-15f8e21 elementor-position-top jltma-glass-effect-no elementor-widget elementor-widget-image-box\" data-id=\"15f8e21\" data-element_type=\"widget\" data-widget_type=\"image-box.default\">\n\t\t\t\t<div class=\"elementor-widget-container\">\n\t\t\t\t\t<div class=\"elementor-image-box-wrapper\"><figure class=\"elementor-image-box-img\"><img loading=\"lazy\" decoding=\"async\" width=\"512\" height=\"184\" src=\"https:\/\/i0.wp.com\/triart.com.do\/tg\/wp-content\/uploads\/2021\/08\/ClassRoomCloudMenuLogo.png?fit=512%2C184&amp;ssl=1\" class=\"attachment-full size-full wp-image-4061\" alt=\"\" srcset=\"https:\/\/i0.wp.com\/triart.com.do\/tg\/wp-content\/uploads\/2021\/08\/ClassRoomCloudMenuLogo.png?w=512&amp;ssl=1 512w, https:\/\/i0.wp.com\/triart.com.do\/tg\/wp-content\/uploads\/2021\/08\/ClassRoomCloudMenuLogo.png?resize=300%2C108&amp;ssl=1 300w\" sizes=\"(max-width: 512px) 100vw, 512px\" \/><\/figure><div class=\"elementor-image-box-content\"><h3 class=\"elementor-image-box-title\">Soluci\u00f3n para el Entrenamiento H\u00edbrido<\/h3><p class=\"elementor-image-box-description\">Plataforma de manejo de aula basada en la nube, que te provee de herramientas esenciales para la ense\u00f1anza presencial y\/o remota.<\/p><\/div><\/div>\t\t\t\t<\/div>\n\t\t\t\t<\/div>\n\t\t\t\t\t<\/div>\n\t\t<\/div>\n\t\t\t\t\t<\/div>\n\t\t<\/section>\n\t\t\t\t<div class=\"elementor-element elementor-element-3e60dd0 jltma-glass-effect-no elementor-widget elementor-widget-spacer\" data-id=\"3e60dd0\" data-element_type=\"widget\" data-widget_type=\"spacer.default\">\n\t\t\t\t<div class=\"elementor-widget-container\">\n\t\t\t\t\t\t\t<div class=\"elementor-spacer\">\n\t\t\t<div class=\"elementor-spacer-inner\"><\/div>\n\t\t<\/div>\n\t\t\t\t\t\t<\/div>\n\t\t\t\t<\/div>\n\t\t\t\t<div class=\"elementor-element elementor-element-1ceb58c elementor-widget-divider--view-line jltma-glass-effect-no elementor-widget elementor-widget-divider\" data-id=\"1ceb58c\" data-element_type=\"widget\" data-widget_type=\"divider.default\">\n\t\t\t\t<div class=\"elementor-widget-container\">\n\t\t\t\t\t\t\t<div class=\"elementor-divider\">\n\t\t\t<span class=\"elementor-divider-separator\">\n\t\t\t\t\t\t<\/span>\n\t\t<\/div>\n\t\t\t\t\t\t<\/div>\n\t\t\t\t<\/div>\n\t\t\t\t<div class=\"elementor-element elementor-element-8238d59 jltma-glass-effect-no elementor-widget elementor-widget-spacer\" data-id=\"8238d59\" data-element_type=\"widget\" data-widget_type=\"spacer.default\">\n\t\t\t\t<div class=\"elementor-widget-container\">\n\t\t\t\t\t\t\t<div class=\"elementor-spacer\">\n\t\t\t<div class=\"elementor-spacer-inner\"><\/div>\n\t\t<\/div>\n\t\t\t\t\t\t<\/div>\n\t\t\t\t<\/div>\n\t\t\t\t\t<\/div>\n\t\t<\/div>\n\t\t\t\t\t<\/div>\n\t\t<\/section>\n\t\t\t\t<section class=\"elementor-section elementor-top-section elementor-element elementor-element-55322bc elementor-section-boxed elementor-section-height-default elementor-section-height-default jltma-glass-effect-no\" data-id=\"55322bc\" data-element_type=\"section\">\n\t\t\t\t\t\t<div class=\"elementor-container elementor-column-gap-default\">\n\t\t\t\t\t<div class=\"elementor-column elementor-col-100 elementor-top-column elementor-element elementor-element-96c2ec3 jltma-glass-effect-no\" data-id=\"96c2ec3\" data-element_type=\"column\">\n\t\t\t<div class=\"elementor-widget-wrap elementor-element-populated\">\n\t\t\t\t\t\t<div class=\"elementor-element elementor-element-171c39a jltma-glass-effect-no elementor-widget elementor-widget-spacer\" data-id=\"171c39a\" data-element_type=\"widget\" data-widget_type=\"spacer.default\">\n\t\t\t\t<div class=\"elementor-widget-container\">\n\t\t\t\t\t\t\t<div class=\"elementor-spacer\">\n\t\t\t<div class=\"elementor-spacer-inner\"><\/div>\n\t\t<\/div>\n\t\t\t\t\t\t<\/div>\n\t\t\t\t<\/div>\n\t\t\t\t\t<\/div>\n\t\t<\/div>\n\t\t\t\t\t<\/div>\n\t\t<\/section>\n\t\t\t\t<\/div>\n\t\t","protected":false},"excerpt":{"rendered":"<p>\u00bfQu\u00e9 es NetSupport? NetSupport es una empresa de software l\u00edder en soluciones educativas y corporativas para soporte de TI, com m\u00e1s de 18 millones de instalaciones. Con sus oficinas principales en el Reino Unido, la empresa est\u00e1 enfocada en el desarrollo de productos y el suministro de soluciones a trav\u00e9s de una red internacional de [&hellip;]<\/p>\n","protected":false},"author":1,"featured_media":0,"parent":1509,"menu_order":4,"comment_status":"closed","ping_status":"closed","template":"elementor_header_footer","meta":{"om_disable_all_campaigns":false,"_monsterinsights_skip_tracking":false,"_monsterinsights_sitenote_active":false,"_monsterinsights_sitenote_note":"","_monsterinsights_sitenote_category":0,"footnotes":""},"class_list":["post-3869","page","type-page","status-publish","hentry"],"jetpack_sharing_enabled":true,"_links":{"self":[{"href":"https:\/\/triart.com.do\/tg\/wp-json\/wp\/v2\/pages\/3869","targetHints":{"allow":["GET"]}}],"collection":[{"href":"https:\/\/triart.com.do\/tg\/wp-json\/wp\/v2\/pages"}],"about":[{"href":"https:\/\/triart.com.do\/tg\/wp-json\/wp\/v2\/types\/page"}],"author":[{"embeddable":true,"href":"https:\/\/triart.com.do\/tg\/wp-json\/wp\/v2\/users\/1"}],"replies":[{"embeddable":true,"href":"https:\/\/triart.com.do\/tg\/wp-json\/wp\/v2\/comments?post=3869"}],"version-history":[{"count":5,"href":"https:\/\/triart.com.do\/tg\/wp-json\/wp\/v2\/pages\/3869\/revisions"}],"predecessor-version":[{"id":4404,"href":"https:\/\/triart.com.do\/tg\/wp-json\/wp\/v2\/pages\/3869\/revisions\/4404"}],"up":[{"embeddable":true,"href":"https:\/\/triart.com.do\/tg\/wp-json\/wp\/v2\/pages\/1509"}],"wp:attachment":[{"href":"https:\/\/triart.com.do\/tg\/wp-json\/wp\/v2\/media?parent=3869"}],"curies":[{"name":"wp","href":"https:\/\/api.w.org\/{rel}","templated":true}]}}