{"id":69,"date":"2016-07-21T15:37:12","date_gmt":"2016-07-21T19:37:12","guid":{"rendered":"http:\/\/demo.hashthemes.com\/total\/?page_id=69"},"modified":"2021-09-17T13:45:22","modified_gmt":"2021-09-17T17:45:22","slug":"rebeca-toribio","status":"publish","type":"page","link":"https:\/\/triart.com.do\/tg\/nosotros\/rebeca-toribio\/","title":{"rendered":"Rebeca Toribio, ACI (Silver)"},"content":{"rendered":"\t\t<div data-elementor-type=\"wp-page\" data-elementor-id=\"69\" class=\"elementor elementor-69\">\n\t\t\t\t\t\t<section class=\"elementor-section elementor-top-section elementor-element elementor-element-689cfa37 elementor-section-boxed elementor-section-height-default elementor-section-height-default jltma-glass-effect-no\" data-id=\"689cfa37\" data-element_type=\"section\">\n\t\t\t\t\t\t<div class=\"elementor-container elementor-column-gap-default\">\n\t\t\t\t\t<div class=\"elementor-column elementor-col-100 elementor-top-column elementor-element elementor-element-1f9b12f8 jltma-glass-effect-no\" data-id=\"1f9b12f8\" data-element_type=\"column\">\n\t\t\t<div class=\"elementor-widget-wrap elementor-element-populated\">\n\t\t\t\t\t\t<section class=\"elementor-section elementor-inner-section elementor-element elementor-element-8f71d2d elementor-section-boxed elementor-section-height-default elementor-section-height-default jltma-glass-effect-no\" data-id=\"8f71d2d\" data-element_type=\"section\">\n\t\t\t\t\t\t<div class=\"elementor-container elementor-column-gap-wider\">\n\t\t\t\t\t<div class=\"elementor-column elementor-col-50 elementor-inner-column elementor-element elementor-element-7bcd35a jltma-glass-effect-no\" data-id=\"7bcd35a\" data-element_type=\"column\">\n\t\t\t<div class=\"elementor-widget-wrap elementor-element-populated\">\n\t\t\t\t\t\t<div class=\"elementor-element elementor-element-48dd690 jltma-glass-effect-no elementor-widget elementor-widget-image\" data-id=\"48dd690\" data-element_type=\"widget\" data-widget_type=\"image.default\">\n\t\t\t\t<div class=\"elementor-widget-container\">\n\t\t\t\t\t\t\t\t\t\t\t\t\t\t\t<img fetchpriority=\"high\" decoding=\"async\" width=\"300\" height=\"300\" src=\"https:\/\/i0.wp.com\/triart.com.do\/tg\/wp-content\/uploads\/2021\/05\/rebecat02.png?fit=300%2C300&amp;ssl=1\" class=\"attachment-medium size-medium wp-image-1657\" alt=\"\" srcset=\"https:\/\/i0.wp.com\/triart.com.do\/tg\/wp-content\/uploads\/2021\/05\/rebecat02.png?w=400&amp;ssl=1 400w, https:\/\/i0.wp.com\/triart.com.do\/tg\/wp-content\/uploads\/2021\/05\/rebecat02.png?resize=300%2C300&amp;ssl=1 300w, https:\/\/i0.wp.com\/triart.com.do\/tg\/wp-content\/uploads\/2021\/05\/rebecat02.png?resize=150%2C150&amp;ssl=1 150w, https:\/\/i0.wp.com\/triart.com.do\/tg\/wp-content\/uploads\/2021\/05\/rebecat02.png?resize=100%2C100&amp;ssl=1 100w\" sizes=\"(max-width: 300px) 100vw, 300px\" \/>\t\t\t\t\t\t\t\t\t\t\t\t\t\t\t<\/div>\n\t\t\t\t<\/div>\n\t\t\t\t<div class=\"elementor-element elementor-element-a9f4a72 elementor-shape-circle e-grid-align-right elementor-grid-0 jltma-glass-effect-no elementor-widget elementor-widget-social-icons\" data-id=\"a9f4a72\" data-element_type=\"widget\" data-widget_type=\"social-icons.default\">\n\t\t\t\t<div class=\"elementor-widget-container\">\n\t\t\t\t\t\t\t<div class=\"elementor-social-icons-wrapper elementor-grid\" role=\"list\">\n\t\t\t\t\t\t\t<span class=\"elementor-grid-item\" role=\"listitem\">\n\t\t\t\t\t<a class=\"elementor-icon elementor-social-icon elementor-social-icon-linkedin elementor-repeater-item-484317e\" href=\"https:\/\/www.linkedin.com\/in\/rebecatoribio\/\" target=\"_blank\">\n\t\t\t\t\t\t<span class=\"elementor-screen-only\">Linkedin<\/span>\n\t\t\t\t\t\t<i aria-hidden=\"true\" class=\"fab fa-linkedin\"><\/i>\t\t\t\t\t<\/a>\n\t\t\t\t<\/span>\n\t\t\t\t\t\t\t<span class=\"elementor-grid-item\" role=\"listitem\">\n\t\t\t\t\t<a class=\"elementor-icon elementor-social-icon elementor-social-icon-wordpress elementor-repeater-item-c407c16\" href=\"http:\/\/blog.triart.com.do\" target=\"_blank\">\n\t\t\t\t\t\t<span class=\"elementor-screen-only\">WordPress<\/span>\n\t\t\t\t\t\t<i aria-hidden=\"true\" class=\"fab fa-wordpress\"><\/i>\t\t\t\t\t<\/a>\n\t\t\t\t<\/span>\n\t\t\t\t\t<\/div>\n\t\t\t\t\t\t<\/div>\n\t\t\t\t<\/div>\n\t\t\t\t\t<\/div>\n\t\t<\/div>\n\t\t\t\t<div class=\"elementor-column elementor-col-50 elementor-inner-column elementor-element elementor-element-b3123c8 jltma-glass-effect-no\" data-id=\"b3123c8\" data-element_type=\"column\">\n\t\t\t<div class=\"elementor-widget-wrap elementor-element-populated\">\n\t\t\t\t\t\t<div class=\"elementor-element elementor-element-a7707f5 jltma-glass-effect-no elementor-widget elementor-widget-heading\" data-id=\"a7707f5\" data-element_type=\"widget\" data-widget_type=\"heading.default\">\n\t\t\t\t<div class=\"elementor-widget-container\">\n\t\t\t\t\t<h1 class=\"elementor-heading-title elementor-size-default\">Rebeca Toribio<\/h1>\t\t\t\t<\/div>\n\t\t\t\t<\/div>\n\t\t\t\t<div class=\"elementor-element elementor-element-593e137 jltma-glass-effect-no elementor-widget elementor-widget-text-editor\" data-id=\"593e137\" data-element_type=\"widget\" data-widget_type=\"text-editor.default\">\n\t\t\t\t<div class=\"elementor-widget-container\">\n\t\t\t\t\t\t\t\t\t<p>Con m\u00e1s de 14 a\u00f1os de experiencia en implementaci\u00f3n de BIM; es tambi\u00e9n la primera Silver Autodesk Certified Instructor (desde 2012) y Autodesk Certified Professional (desde 2010) en la Rep\u00fablica Dominicana para Autodesk Revit\u00ae.<\/p><p>Como Consultora BIM, ha participado activamente en el entrenamiento, dise\u00f1o de procesos e implementaci\u00f3n BIM para decenas de empresas locales de la industria AEC. Es autora del peri\u00f3dico en l\u00ednea <a href=\"http:\/\/blog.triart.com.do\"><em>BIM Blog by Rebeca Toribio<\/em><\/a>, en donde trata temas especializados de BIM, su implementaci\u00f3n, Norma ISO 19650 y mejores pr\u00e1cticas.<\/p><p>Rebeca Toribio es tambi\u00e9n Representante T\u00e9cnico y Especialista de Productos para TriArt Group, en su calidad de Partner de ventas de Autodesk, Adobe, Enscape y NetSupport en la Rep\u00fablica Dominicana.<\/p><p>En su preparaci\u00f3n acad\u00e9mica, se destaca el Dise\u00f1o Arquitect\u00f3nico en la Universidad Iberoamericana (Rep. Dom.), Postgrado en Arquitectura e Interiores en la Universidad del Norte de Londres (Inglaterra), y m\u00faltiples entrenamientos en CADD en el Boston Architectural Center (Estados Unidos).<\/p>\t\t\t\t\t\t\t\t<\/div>\n\t\t\t\t<\/div>\n\t\t\t\t\t<\/div>\n\t\t<\/div>\n\t\t\t\t\t<\/div>\n\t\t<\/section>\n\t\t\t\t<div class=\"elementor-element elementor-element-5fc368f elementor-widget-divider--view-line jltma-glass-effect-no elementor-widget elementor-widget-divider\" data-id=\"5fc368f\" data-element_type=\"widget\" data-widget_type=\"divider.default\">\n\t\t\t\t<div class=\"elementor-widget-container\">\n\t\t\t\t\t\t\t<div class=\"elementor-divider\">\n\t\t\t<span class=\"elementor-divider-separator\">\n\t\t\t\t\t\t<\/span>\n\t\t<\/div>\n\t\t\t\t\t\t<\/div>\n\t\t\t\t<\/div>\n\t\t\t\t\t<\/div>\n\t\t<\/div>\n\t\t\t\t\t<\/div>\n\t\t<\/section>\n\t\t\t\t<\/div>\n\t\t","protected":false},"excerpt":{"rendered":"<p>Linkedin Wordpress Rebeca Toribio Con m\u00e1s de 14 a\u00f1os de experiencia en implementaci\u00f3n de BIM; es tambi\u00e9n la primera Silver Autodesk Certified Instructor (desde 2012) y Autodesk Certified Professional (desde 2010) en la Rep\u00fablica Dominicana para Autodesk Revit\u00ae. Como Consultora BIM, ha participado activamente en el entrenamiento, dise\u00f1o de procesos e implementaci\u00f3n BIM para decenas [&hellip;]<\/p>\n","protected":false},"author":1,"featured_media":1657,"parent":11,"menu_order":1,"comment_status":"closed","ping_status":"closed","template":"","meta":{"om_disable_all_campaigns":false,"_monsterinsights_skip_tracking":false,"_monsterinsights_sitenote_active":false,"_monsterinsights_sitenote_note":"","_monsterinsights_sitenote_category":0,"footnotes":""},"class_list":["post-69","page","type-page","status-publish","has-post-thumbnail","hentry"],"jetpack_sharing_enabled":true,"_links":{"self":[{"href":"https:\/\/triart.com.do\/tg\/wp-json\/wp\/v2\/pages\/69","targetHints":{"allow":["GET"]}}],"collection":[{"href":"https:\/\/triart.com.do\/tg\/wp-json\/wp\/v2\/pages"}],"about":[{"href":"https:\/\/triart.com.do\/tg\/wp-json\/wp\/v2\/types\/page"}],"author":[{"embeddable":true,"href":"https:\/\/triart.com.do\/tg\/wp-json\/wp\/v2\/users\/1"}],"replies":[{"embeddable":true,"href":"https:\/\/triart.com.do\/tg\/wp-json\/wp\/v2\/comments?post=69"}],"version-history":[{"count":5,"href":"https:\/\/triart.com.do\/tg\/wp-json\/wp\/v2\/pages\/69\/revisions"}],"predecessor-version":[{"id":4512,"href":"https:\/\/triart.com.do\/tg\/wp-json\/wp\/v2\/pages\/69\/revisions\/4512"}],"up":[{"embeddable":true,"href":"https:\/\/triart.com.do\/tg\/wp-json\/wp\/v2\/pages\/11"}],"wp:featuredmedia":[{"embeddable":true,"href":"https:\/\/triart.com.do\/tg\/wp-json\/wp\/v2\/media\/1657"}],"wp:attachment":[{"href":"https:\/\/triart.com.do\/tg\/wp-json\/wp\/v2\/media?parent=69"}],"curies":[{"name":"wp","href":"https:\/\/api.w.org\/{rel}","templated":true}]}}